{"id":361,"date":"2025-10-08T11:52:27","date_gmt":"2025-10-08T10:52:27","guid":{"rendered":"https:\/\/www.ecoleroumainedeparis.fr\/?page_id=361"},"modified":"2026-03-31T22:10:45","modified_gmt":"2026-03-31T21:10:45","slug":"361-2","status":"publish","type":"page","link":"https:\/\/www.ecoleroumainedeparis.fr\/ro\/","title":{"rendered":"Accueil"},"content":{"rendered":"<div class=\"wp-block-group is-layout-flow wp-block-group-is-layout-flow\">\n<div class=\"wp-block-group has-global-padding is-layout-constrained wp-block-group-is-layout-constrained\">\t<div id=\"lcs-1\" class=\"lcs-slider alignwide size-full\" data-autoplay=\"1\" data-speed=\"4000\">\r\n\t\t<button class=\"lcs-arrow lcs-prev\" aria-label=\"Previous\">&lsaquo;<\/button>\r\n\t\t<div class=\"lcs-viewport\">\r\n\t\t\t<ul class=\"lcs-track\">\r\n\t\t\t\t\t\t\t\t\t<li class=\"lcs-slide\">\r\n\t\t\t\t\t\t<a class=\"lcs-card\" href=\"https:\/\/www.ecoleroumainedeparis.fr\/ro\/2025\/10\/06\/cours-de-langue-roumaine\/\">\r\n\t\t\t\t\t\t\t\t\t\t\t\t\t\t\t<div class=\"lcs-thumb\">\r\n\t\t\t\t\t\t\t\t\t<img loading=\"lazy\" decoding=\"async\" width=\"1482\" height=\"908\" src=\"https:\/\/www.ecoleroumainedeparis.fr\/wp-content\/uploads\/2024\/09\/490664128_1219055830222388_6833014682267334873_n.jpg\" class=\"attachment-high size-high wp-post-image\" alt=\"\" srcset=\"https:\/\/www.ecoleroumainedeparis.fr\/wp-content\/uploads\/2024\/09\/490664128_1219055830222388_6833014682267334873_n.jpg 1482w, https:\/\/www.ecoleroumainedeparis.fr\/wp-content\/uploads\/2024\/09\/490664128_1219055830222388_6833014682267334873_n-300x184.jpg 300w, https:\/\/www.ecoleroumainedeparis.fr\/wp-content\/uploads\/2024\/09\/490664128_1219055830222388_6833014682267334873_n-1024x627.jpg 1024w, https:\/\/www.ecoleroumainedeparis.fr\/wp-content\/uploads\/2024\/09\/490664128_1219055830222388_6833014682267334873_n-768x471.jpg 768w, https:\/\/www.ecoleroumainedeparis.fr\/wp-content\/uploads\/2024\/09\/490664128_1219055830222388_6833014682267334873_n-18x12.jpg 18w\" sizes=\"auto, (max-width: 1482px) 100vw, 1482px\" \/>\t\t\t\t\t\t\t\t<\/div>\r\n\t\t\t\t\t\t\t\t\t\t\t\t\t\t<div class=\"lcs-body\">\r\n\t\t\t\t\t\t\t\t<h3 class=\"lcs-title\">Cursuri de limba rom\u00e2n\u0103<\/h3>\r\n\t\t\t\t\t\t\t\t<div class=\"lcs-excerpt\">Lec\u021bii interactive pentru copii de toate v\u00e2rstele, axate pe dezvoltarea vocabularului, lectur\u0103, scriere \u0219i ...<\/div>\r\n\t\t\t\t\t\t\t<\/div>\r\n\t\t\t\t\t\t<\/a>\r\n\t\t\t\t\t<\/li>\r\n\t\t\t\t\t\t\t\t\t<li class=\"lcs-slide\">\r\n\t\t\t\t\t\t<a class=\"lcs-card\" href=\"https:\/\/www.ecoleroumainedeparis.fr\/ro\/2025\/10\/05\/ateliers-de-theatre\/\">\r\n\t\t\t\t\t\t\t\t\t\t\t\t\t\t\t<div class=\"lcs-thumb\">\r\n\t\t\t\t\t\t\t\t\t<img loading=\"lazy\" decoding=\"async\" width=\"2371\" height=\"1089\" src=\"https:\/\/www.ecoleroumainedeparis.fr\/wp-content\/uploads\/2025\/10\/7.jpg\" class=\"attachment-high size-high wp-post-image\" alt=\"\" srcset=\"https:\/\/www.ecoleroumainedeparis.fr\/wp-content\/uploads\/2025\/10\/7.jpg 2371w, https:\/\/www.ecoleroumainedeparis.fr\/wp-content\/uploads\/2025\/10\/7-300x138.jpg 300w, https:\/\/www.ecoleroumainedeparis.fr\/wp-content\/uploads\/2025\/10\/7-1024x470.jpg 1024w, https:\/\/www.ecoleroumainedeparis.fr\/wp-content\/uploads\/2025\/10\/7-768x353.jpg 768w, https:\/\/www.ecoleroumainedeparis.fr\/wp-content\/uploads\/2025\/10\/7-1536x705.jpg 1536w, https:\/\/www.ecoleroumainedeparis.fr\/wp-content\/uploads\/2025\/10\/7-2048x941.jpg 2048w, https:\/\/www.ecoleroumainedeparis.fr\/wp-content\/uploads\/2025\/10\/7-18x8.jpg 18w\" sizes=\"auto, (max-width: 2371px) 100vw, 2371px\" \/>\t\t\t\t\t\t\t\t<\/div>\r\n\t\t\t\t\t\t\t\t\t\t\t\t\t\t<div class=\"lcs-body\">\r\n\t\t\t\t\t\t\t\t<h3 class=\"lcs-title\">Ateliere de teatru<\/h3>\r\n\t\t\t\t\t\t\t\t<div class=\"lcs-excerpt\">Propos\u00e9s de mani\u00e8re ponctuelle au fil des ann\u00e9es, les ateliers de th\u00e9\u00e2tre de l\u2019\u00c9cole Roumaine de Paris s\u2019inscrivent dans une\u2026<\/div>\r\n\t\t\t\t\t\t\t<\/div>\r\n\t\t\t\t\t\t<\/a>\r\n\t\t\t\t\t<\/li>\r\n\t\t\t\t\t\t\t\t\t<li class=\"lcs-slide\">\r\n\t\t\t\t\t\t<a class=\"lcs-card\" href=\"https:\/\/www.ecoleroumainedeparis.fr\/ro\/2025\/10\/04\/rencontres-litteraires\/\">\r\n\t\t\t\t\t\t\t\t\t\t\t\t\t\t\t<div class=\"lcs-thumb\">\r\n\t\t\t\t\t\t\t\t\t<img loading=\"lazy\" decoding=\"async\" width=\"1600\" height=\"982\" src=\"https:\/\/www.ecoleroumainedeparis.fr\/wp-content\/uploads\/2025\/10\/499464029_1248903613904276_690321333250463777_n.jpg\" class=\"attachment-high size-high wp-post-image\" alt=\"\" srcset=\"https:\/\/www.ecoleroumainedeparis.fr\/wp-content\/uploads\/2025\/10\/499464029_1248903613904276_690321333250463777_n.jpg 1600w, https:\/\/www.ecoleroumainedeparis.fr\/wp-content\/uploads\/2025\/10\/499464029_1248903613904276_690321333250463777_n-300x184.jpg 300w, https:\/\/www.ecoleroumainedeparis.fr\/wp-content\/uploads\/2025\/10\/499464029_1248903613904276_690321333250463777_n-1024x628.jpg 1024w, https:\/\/www.ecoleroumainedeparis.fr\/wp-content\/uploads\/2025\/10\/499464029_1248903613904276_690321333250463777_n-768x471.jpg 768w, https:\/\/www.ecoleroumainedeparis.fr\/wp-content\/uploads\/2025\/10\/499464029_1248903613904276_690321333250463777_n-1536x943.jpg 1536w, https:\/\/www.ecoleroumainedeparis.fr\/wp-content\/uploads\/2025\/10\/499464029_1248903613904276_690321333250463777_n-18x12.jpg 18w\" sizes=\"auto, (max-width: 1600px) 100vw, 1600px\" \/>\t\t\t\t\t\t\t\t<\/div>\r\n\t\t\t\t\t\t\t\t\t\t\t\t\t\t<div class=\"lcs-body\">\r\n\t\t\t\t\t\t\t\t<h3 class=\"lcs-title\">\u00cent\u00e2lniri literare<\/h3>\r\n\t\t\t\t\t\t\t\t<div class=\"lcs-excerpt\">Des moments de rencontre et de d\u00e9couverte, au cours desquels les enfants explorent l\u2019univers des \u00e9crivains contemporains et le plaisir\u2026<\/div>\r\n\t\t\t\t\t\t\t<\/div>\r\n\t\t\t\t\t\t<\/a>\r\n\t\t\t\t\t<\/li>\r\n\t\t\t\t\t\t\t\t\t<li class=\"lcs-slide\">\r\n\t\t\t\t\t\t<a class=\"lcs-card\" href=\"https:\/\/www.ecoleroumainedeparis.fr\/ro\/2025\/10\/03\/evenements-traditionnels\/\">\r\n\t\t\t\t\t\t\t\t\t\t\t\t\t\t\t<div class=\"lcs-thumb\">\r\n\t\t\t\t\t\t\t\t\t<img loading=\"lazy\" decoding=\"async\" width=\"1539\" height=\"657\" src=\"https:\/\/www.ecoleroumainedeparis.fr\/wp-content\/uploads\/2025\/10\/470179263_1119337380194234_2001061304312640466_n.jpg\" class=\"attachment-high size-high wp-post-image\" alt=\"\" srcset=\"https:\/\/www.ecoleroumainedeparis.fr\/wp-content\/uploads\/2025\/10\/470179263_1119337380194234_2001061304312640466_n.jpg 1539w, https:\/\/www.ecoleroumainedeparis.fr\/wp-content\/uploads\/2025\/10\/470179263_1119337380194234_2001061304312640466_n-300x128.jpg 300w, https:\/\/www.ecoleroumainedeparis.fr\/wp-content\/uploads\/2025\/10\/470179263_1119337380194234_2001061304312640466_n-1024x437.jpg 1024w, https:\/\/www.ecoleroumainedeparis.fr\/wp-content\/uploads\/2025\/10\/470179263_1119337380194234_2001061304312640466_n-768x328.jpg 768w, https:\/\/www.ecoleroumainedeparis.fr\/wp-content\/uploads\/2025\/10\/470179263_1119337380194234_2001061304312640466_n-1536x656.jpg 1536w, https:\/\/www.ecoleroumainedeparis.fr\/wp-content\/uploads\/2025\/10\/470179263_1119337380194234_2001061304312640466_n-18x8.jpg 18w\" sizes=\"auto, (max-width: 1539px) 100vw, 1539px\" \/>\t\t\t\t\t\t\t\t<\/div>\r\n\t\t\t\t\t\t\t\t\t\t\t\t\t\t<div class=\"lcs-body\">\r\n\t\t\t\t\t\t\t\t<h3 class=\"lcs-title\">Evenimente tradi\u021bionale<\/h3>\r\n\t\t\t\t\t\t\t\t<div class=\"lcs-excerpt\">S\u0103rb\u0103torim \u00eempreun\u0103:<\/div>\r\n\t\t\t\t\t\t\t<\/div>\r\n\t\t\t\t\t\t<\/a>\r\n\t\t\t\t\t<\/li>\r\n\t\t\t\t\t\t\t\t\t<li class=\"lcs-slide\">\r\n\t\t\t\t\t\t<a class=\"lcs-card\" href=\"https:\/\/www.ecoleroumainedeparis.fr\/ro\/2025\/10\/02\/autres-projets\/\">\r\n\t\t\t\t\t\t\t\t\t\t\t\t\t\t\t<div class=\"lcs-thumb\">\r\n\t\t\t\t\t\t\t\t\t<img loading=\"lazy\" decoding=\"async\" width=\"1772\" height=\"1322\" src=\"https:\/\/www.ecoleroumainedeparis.fr\/wp-content\/uploads\/2025\/10\/502631530_1260157286112242_7397604269312420364_n.jpg\" class=\"attachment-high size-high wp-post-image\" alt=\"\" srcset=\"https:\/\/www.ecoleroumainedeparis.fr\/wp-content\/uploads\/2025\/10\/502631530_1260157286112242_7397604269312420364_n.jpg 1772w, https:\/\/www.ecoleroumainedeparis.fr\/wp-content\/uploads\/2025\/10\/502631530_1260157286112242_7397604269312420364_n-300x224.jpg 300w, https:\/\/www.ecoleroumainedeparis.fr\/wp-content\/uploads\/2025\/10\/502631530_1260157286112242_7397604269312420364_n-1024x764.jpg 1024w, https:\/\/www.ecoleroumainedeparis.fr\/wp-content\/uploads\/2025\/10\/502631530_1260157286112242_7397604269312420364_n-768x573.jpg 768w, https:\/\/www.ecoleroumainedeparis.fr\/wp-content\/uploads\/2025\/10\/502631530_1260157286112242_7397604269312420364_n-1536x1146.jpg 1536w, https:\/\/www.ecoleroumainedeparis.fr\/wp-content\/uploads\/2025\/10\/502631530_1260157286112242_7397604269312420364_n-16x12.jpg 16w\" sizes=\"auto, (max-width: 1772px) 100vw, 1772px\" \/>\t\t\t\t\t\t\t\t<\/div>\r\n\t\t\t\t\t\t\t\t\t\t\t\t\t\t<div class=\"lcs-body\">\r\n\t\t\t\t\t\t\t\t<h3 class=\"lcs-title\">Alte proiecte<\/h3>\r\n\t\t\t\t\t\t\t\t<div class=\"lcs-excerpt\">Meseria mea, Tabere lingvistice ...<\/div>\r\n\t\t\t\t\t\t\t<\/div>\r\n\t\t\t\t\t\t<\/a>\r\n\t\t\t\t\t<\/li>\r\n\t\t\t\t\t\t\t<\/ul>\r\n\t\t<\/div>\r\n\t\t<button class=\"lcs-arrow lcs-next\" aria-label=\"Next\">&rsaquo;<\/button>\r\n\t<\/div>\r\n\t\n\n\n<div style=\"height:80px\" aria-hidden=\"true\" class=\"wp-block-spacer\"><\/div>\n\n\n\n<h2 class=\"wp-block-heading has-text-align-center\">\"Cu r\u0103d\u0103cini rom\u00e2ne\u0219ti purt\u0103m limba noastr\u0103 spre\n orizonturi f\u0103r\u0103 grani\u021be!\"<\/h2>\n\n\n\n<div style=\"height:20px\" aria-hidden=\"true\" class=\"wp-block-spacer\"><\/div>\n\n\n\n<div class=\"wp-block-buttons is-content-justification-center is-layout-flex wp-container-core-buttons-is-layout-a89b3969 wp-block-buttons-is-layout-flex\">\n<div class=\"wp-block-button\"><a class=\"wp-block-button__link has-medium-font-size has-text-align-center has-custom-font-size wp-element-button\" href=\"https:\/\/www.ecoleroumainedeparis.fr\/ro\/lassociation\/\">Despre noi<\/a><\/div>\n<\/div>\n<\/div>\n<\/div>\n\n\n\n<div class=\"wp-block-group has-global-padding is-layout-constrained wp-container-core-group-is-layout-530ec779 wp-block-group-is-layout-constrained\">\n<div class=\"wp-block-group is-layout-flow wp-block-group-is-layout-flow\">\n<h2 class=\"wp-block-heading\">Nout\u0103\u021bi<\/h2>\n\n\n\n<div class=\"wp-block-query is-layout-flow wp-block-query-is-layout-flow\"><ul class=\"wp-block-post-template is-layout-flow wp-block-post-template-is-layout-flow\"><li class=\"wp-block-post post-1660 post type-post status-publish format-standard has-post-thumbnail hentry category-2025-2026 category-latest\">\n\n<div class=\"wp-block-columns are-vertically-aligned-center is-layout-flex wp-container-core-columns-is-layout-5704c6cb wp-block-columns-is-layout-flex\" style=\"border-top-style:none;border-top-width:0px;border-right-style:none;border-right-width:0px;border-bottom-color:var(--wp--preset--color--accent-5);border-bottom-width:1px;border-left-style:none;border-left-width:0px;margin-top:0;margin-bottom:0;padding-top:5px;padding-bottom:10px\">\n<div class=\"wp-block-column is-vertically-aligned-center is-layout-flow wp-block-column-is-layout-flow\" style=\"flex-basis:25%\"><figure class=\"wp-block-post-featured-image\"><a href=\"https:\/\/www.ecoleroumainedeparis.fr\/ro\/2026\/03\/01\/martisor\/\" target=\"_self\"  ><img loading=\"lazy\" decoding=\"async\" width=\"1200\" height=\"1600\" src=\"https:\/\/www.ecoleroumainedeparis.fr\/wp-content\/uploads\/2026\/03\/643782512_1499135195547782_6294978868494304174_n.jpg\" class=\"attachment-post-thumbnail size-post-thumbnail wp-post-image\" alt=\"M\u0103r\u021bi\u0219or\" style=\"object-fit:cover;\" srcset=\"https:\/\/www.ecoleroumainedeparis.fr\/wp-content\/uploads\/2026\/03\/643782512_1499135195547782_6294978868494304174_n.jpg 1200w, https:\/\/www.ecoleroumainedeparis.fr\/wp-content\/uploads\/2026\/03\/643782512_1499135195547782_6294978868494304174_n-225x300.jpg 225w, https:\/\/www.ecoleroumainedeparis.fr\/wp-content\/uploads\/2026\/03\/643782512_1499135195547782_6294978868494304174_n-768x1024.jpg 768w, https:\/\/www.ecoleroumainedeparis.fr\/wp-content\/uploads\/2026\/03\/643782512_1499135195547782_6294978868494304174_n-1152x1536.jpg 1152w, https:\/\/www.ecoleroumainedeparis.fr\/wp-content\/uploads\/2026\/03\/643782512_1499135195547782_6294978868494304174_n-9x12.jpg 9w\" sizes=\"auto, (max-width: 1200px) 100vw, 1200px\" \/><\/a><\/figure><\/div>\n\n\n\n<div class=\"wp-block-column is-vertically-aligned-center is-layout-flow wp-block-column-is-layout-flow\" style=\"flex-basis:75%\"><h2 class=\"wp-block-post-title\"><a href=\"https:\/\/www.ecoleroumainedeparis.fr\/ro\/2026\/03\/01\/martisor\/\" target=\"_self\" >M\u0103r\u021bi\u0219orul<\/a><\/h2>\n\n<div class=\"has-text-align-justify wp-block-post-excerpt\"><p class=\"wp-block-post-excerpt__excerpt\">La Ecole Roumaine de Paris povestea M\u0103r\u021bi\u0219orului merge mai departe. Ea este spus\u0103 \u00een fiecare an prin activit\u0103\u021bi care \u00eei aduc pe copii \u0219i adolescen\u021bi mai aproape de simbolurile culturii rom\u00e2ne\u0219ti. Chiar departe de Rom\u00e2nia, acest obicei inclus \u00een patrimoniul cultural imaterial UNESCO continu\u0103 s\u0103 fie prezent \u00een via\u021ba copiilor \u00eenscri\u0219i ... <\/p><\/div><\/div>\n<\/div>\n\n<\/li><li class=\"wp-block-post post-1630 post type-post status-publish format-standard has-post-thumbnail hentry category-2025-2026 category-latest\">\n\n<div class=\"wp-block-columns are-vertically-aligned-center is-layout-flex wp-container-core-columns-is-layout-5704c6cb wp-block-columns-is-layout-flex\" style=\"border-top-style:none;border-top-width:0px;border-right-style:none;border-right-width:0px;border-bottom-color:var(--wp--preset--color--accent-5);border-bottom-width:1px;border-left-style:none;border-left-width:0px;margin-top:0;margin-bottom:0;padding-top:5px;padding-bottom:10px\">\n<div class=\"wp-block-column is-vertically-aligned-center is-layout-flow wp-block-column-is-layout-flow\" style=\"flex-basis:25%\"><figure class=\"wp-block-post-featured-image\"><a href=\"https:\/\/www.ecoleroumainedeparis.fr\/ro\/2026\/02\/08\/journee-internationale-de-la-lecture\/\" target=\"_self\"  ><img loading=\"lazy\" decoding=\"async\" width=\"2000\" height=\"1500\" src=\"https:\/\/www.ecoleroumainedeparis.fr\/wp-content\/uploads\/2026\/02\/ZICI1.jpeg\" class=\"attachment-post-thumbnail size-post-thumbnail wp-post-image\" alt=\"Journ\u00e9e internationale de la lecture\" style=\"object-fit:cover;\" srcset=\"https:\/\/www.ecoleroumainedeparis.fr\/wp-content\/uploads\/2026\/02\/ZICI1.jpeg 2000w, https:\/\/www.ecoleroumainedeparis.fr\/wp-content\/uploads\/2026\/02\/ZICI1-300x225.jpeg 300w, https:\/\/www.ecoleroumainedeparis.fr\/wp-content\/uploads\/2026\/02\/ZICI1-1024x768.jpeg 1024w, https:\/\/www.ecoleroumainedeparis.fr\/wp-content\/uploads\/2026\/02\/ZICI1-768x576.jpeg 768w, https:\/\/www.ecoleroumainedeparis.fr\/wp-content\/uploads\/2026\/02\/ZICI1-1536x1152.jpeg 1536w, https:\/\/www.ecoleroumainedeparis.fr\/wp-content\/uploads\/2026\/02\/ZICI1-16x12.jpeg 16w\" sizes=\"auto, (max-width: 2000px) 100vw, 2000px\" \/><\/a><\/figure><\/div>\n\n\n\n<div class=\"wp-block-column is-vertically-aligned-center is-layout-flow wp-block-column-is-layout-flow\" style=\"flex-basis:75%\"><h2 class=\"wp-block-post-title\"><a href=\"https:\/\/www.ecoleroumainedeparis.fr\/ro\/2026\/02\/08\/journee-internationale-de-la-lecture\/\" target=\"_self\" >Journ\u00e9e internationale de la lecture<\/a><\/h2>\n\n<div class=\"has-text-align-justify wp-block-post-excerpt\"><p class=\"wp-block-post-excerpt__excerpt\">La Ecole Roumaine de Paris am s\u0103rb\u0103torit Ziua Interna\u021bional\u0103 a Cititului \u00cempreun\u0103 prin activit\u0103\u021bi care au adus laolalt\u0103 genera\u021bii de copii, pove\u0219ti frumoase \u0219i bucuria de a citi \u00een limba rom\u00e2n\u0103. \nCopiii din clasa adolescen\u021bilor au devenit, pentru o zi, cititori pentru cei mai mici:... <\/p><\/div><\/div>\n<\/div>\n\n<\/li><li class=\"wp-block-post post-1559 post type-post status-publish format-standard has-post-thumbnail hentry category-2025-2026 category-latest\">\n\n<div class=\"wp-block-columns are-vertically-aligned-center is-layout-flex wp-container-core-columns-is-layout-5704c6cb wp-block-columns-is-layout-flex\" style=\"border-top-style:none;border-top-width:0px;border-right-style:none;border-right-width:0px;border-bottom-color:var(--wp--preset--color--accent-5);border-bottom-width:1px;border-left-style:none;border-left-width:0px;margin-top:0;margin-bottom:0;padding-top:5px;padding-bottom:10px\">\n<div class=\"wp-block-column is-vertically-aligned-center is-layout-flow wp-block-column-is-layout-flow\" style=\"flex-basis:25%\"><figure class=\"wp-block-post-featured-image\"><a href=\"https:\/\/www.ecoleroumainedeparis.fr\/ro\/2026\/01\/25\/journee-de-la-petite-union\/\" target=\"_self\"  ><img loading=\"lazy\" decoding=\"async\" width=\"2000\" height=\"1175\" src=\"https:\/\/www.ecoleroumainedeparis.fr\/wp-content\/uploads\/2026\/01\/623878029_1471575904970378_5814491617671914127_n.jpg\" class=\"attachment-post-thumbnail size-post-thumbnail wp-post-image\" alt=\"Journ\u00e9e de la Petite Union\" style=\"object-fit:cover;\" srcset=\"https:\/\/www.ecoleroumainedeparis.fr\/wp-content\/uploads\/2026\/01\/623878029_1471575904970378_5814491617671914127_n.jpg 2000w, https:\/\/www.ecoleroumainedeparis.fr\/wp-content\/uploads\/2026\/01\/623878029_1471575904970378_5814491617671914127_n-300x176.jpg 300w, https:\/\/www.ecoleroumainedeparis.fr\/wp-content\/uploads\/2026\/01\/623878029_1471575904970378_5814491617671914127_n-1024x602.jpg 1024w, https:\/\/www.ecoleroumainedeparis.fr\/wp-content\/uploads\/2026\/01\/623878029_1471575904970378_5814491617671914127_n-768x451.jpg 768w, https:\/\/www.ecoleroumainedeparis.fr\/wp-content\/uploads\/2026\/01\/623878029_1471575904970378_5814491617671914127_n-1536x902.jpg 1536w, https:\/\/www.ecoleroumainedeparis.fr\/wp-content\/uploads\/2026\/01\/623878029_1471575904970378_5814491617671914127_n-18x12.jpg 18w\" sizes=\"auto, (max-width: 2000px) 100vw, 2000px\" \/><\/a><\/figure><\/div>\n\n\n\n<div class=\"wp-block-column is-vertically-aligned-center is-layout-flow wp-block-column-is-layout-flow\" style=\"flex-basis:75%\"><h2 class=\"wp-block-post-title\"><a href=\"https:\/\/www.ecoleroumainedeparis.fr\/ro\/2026\/01\/25\/journee-de-la-petite-union\/\" target=\"_self\" >Ziua Micii Uniri<\/a><\/h2>\n\n<div class=\"has-text-align-justify wp-block-post-excerpt\"><p class=\"wp-block-post-excerpt__excerpt\">La Ecole Roumaine de Paris, Ziua Micii Uniri a fost marcat\u0103 prin activit\u0103\u021bi adaptate fiec\u0103rei grupe de v\u00e2rst\u0103:\n\nLa grupa mic\u0103, copiii au descoperit semnifica\u021bia Zilei Unirii realiz\u00e2nd o fresc\u0103 intitulat\u0103 \u00ab M\u00e2inile Unirii \u00bb, prelu\u00e2nd ideea din povestea prezentat\u0103 de... <\/p><\/div><\/div>\n<\/div>\n\n<\/li><li class=\"wp-block-post post-1584 post type-post status-publish format-standard has-post-thumbnail hentry category-2025-2026 category-latest\">\n\n<div class=\"wp-block-columns are-vertically-aligned-center is-layout-flex wp-container-core-columns-is-layout-5704c6cb wp-block-columns-is-layout-flex\" style=\"border-top-style:none;border-top-width:0px;border-right-style:none;border-right-width:0px;border-bottom-color:var(--wp--preset--color--accent-5);border-bottom-width:1px;border-left-style:none;border-left-width:0px;margin-top:0;margin-bottom:0;padding-top:5px;padding-bottom:10px\">\n<div class=\"wp-block-column is-vertically-aligned-center is-layout-flow wp-block-column-is-layout-flow\" style=\"flex-basis:25%\"><figure class=\"wp-block-post-featured-image\"><a href=\"https:\/\/www.ecoleroumainedeparis.fr\/ro\/2026\/01\/18\/journee-de-la-culture-nationale-2\/\" target=\"_self\"  ><img loading=\"lazy\" decoding=\"async\" width=\"1200\" height=\"1600\" src=\"https:\/\/www.ecoleroumainedeparis.fr\/wp-content\/uploads\/2026\/02\/621363193_1465182262276409_8137249644083934603_n.jpg\" class=\"attachment-post-thumbnail size-post-thumbnail wp-post-image\" alt=\"Journ\u00e9e de la Culture Nationale\" style=\"object-fit:cover;\" srcset=\"https:\/\/www.ecoleroumainedeparis.fr\/wp-content\/uploads\/2026\/02\/621363193_1465182262276409_8137249644083934603_n.jpg 1200w, https:\/\/www.ecoleroumainedeparis.fr\/wp-content\/uploads\/2026\/02\/621363193_1465182262276409_8137249644083934603_n-225x300.jpg 225w, https:\/\/www.ecoleroumainedeparis.fr\/wp-content\/uploads\/2026\/02\/621363193_1465182262276409_8137249644083934603_n-768x1024.jpg 768w, https:\/\/www.ecoleroumainedeparis.fr\/wp-content\/uploads\/2026\/02\/621363193_1465182262276409_8137249644083934603_n-1152x1536.jpg 1152w, https:\/\/www.ecoleroumainedeparis.fr\/wp-content\/uploads\/2026\/02\/621363193_1465182262276409_8137249644083934603_n-9x12.jpg 9w\" sizes=\"auto, (max-width: 1200px) 100vw, 1200px\" \/><\/a><\/figure><\/div>\n\n\n\n<div class=\"wp-block-column is-vertically-aligned-center is-layout-flow wp-block-column-is-layout-flow\" style=\"flex-basis:75%\"><h2 class=\"wp-block-post-title\"><a href=\"https:\/\/www.ecoleroumainedeparis.fr\/ro\/2026\/01\/18\/journee-de-la-culture-nationale-2\/\" target=\"_self\" >Ziua Culturii Na\u021bionale<\/a><\/h2>\n\n<div class=\"has-text-align-justify wp-block-post-excerpt\"><p class=\"wp-block-post-excerpt__excerpt\">Ziua Culturii Na\u021bionale a fost s\u0103rb\u0103torit\u0103 la Ecole Roumaine de Paris prin diferite activit\u0103\u021bi:\n\nLa grupa mic\u0103 cei mai mici dintre copii au descoperit poezia \u00ab Somnoroase p\u0103s\u0103rele \u00bb prin lectur\u0103, joac\u0103 \u0219i imagina\u021bie.\n\nLa grupa \u015fcolarilor mici au explorat poezia... <\/p><\/div><\/div>\n<\/div>\n\n<\/li><li class=\"wp-block-post post-1289 post type-post status-publish format-standard has-post-thumbnail hentry category-2025-2026 category-latest\">\n\n<div class=\"wp-block-columns are-vertically-aligned-center is-layout-flex wp-container-core-columns-is-layout-5704c6cb wp-block-columns-is-layout-flex\" style=\"border-top-style:none;border-top-width:0px;border-right-style:none;border-right-width:0px;border-bottom-color:var(--wp--preset--color--accent-5);border-bottom-width:1px;border-left-style:none;border-left-width:0px;margin-top:0;margin-bottom:0;padding-top:5px;padding-bottom:10px\">\n<div class=\"wp-block-column is-vertically-aligned-center is-layout-flow wp-block-column-is-layout-flow\" style=\"flex-basis:25%\"><figure class=\"wp-block-post-featured-image\"><a href=\"https:\/\/www.ecoleroumainedeparis.fr\/ro\/2026\/01\/08\/bonne-annee-2026\/\" target=\"_self\"  ><img loading=\"lazy\" decoding=\"async\" width=\"940\" height=\"788\" src=\"https:\/\/www.ecoleroumainedeparis.fr\/wp-content\/uploads\/2026\/01\/La-muli-ani-2026.gif\" class=\"attachment-post-thumbnail size-post-thumbnail wp-post-image\" alt=\"Bonne ann\u00e9e 2026 !\" style=\"object-fit:cover;\" \/><\/a><\/figure><\/div>\n\n\n\n<div class=\"wp-block-column is-vertically-aligned-center is-layout-flow wp-block-column-is-layout-flow\" style=\"flex-basis:75%\"><h2 class=\"wp-block-post-title\"><a href=\"https:\/\/www.ecoleroumainedeparis.fr\/ro\/2026\/01\/08\/bonne-annee-2026\/\" target=\"_self\" >La mul\u021bi ani 2026 !<\/a><\/h2>\n\n<div class=\"has-text-align-justify wp-block-post-excerpt\"><p class=\"wp-block-post-excerpt__excerpt\">Mul\u021bumim c\u0103 sunte\u021bi al\u0103turi de noi.\n\u00cempreun\u0103 p\u0103str\u0103m limba rom\u00e2n\u0103 vie!\nUn 2026 plin de bucurii! <\/p><\/div><\/div>\n<\/div>\n\n<\/li><\/ul><\/div>\n<\/div>\n<\/div>\n\n\n\n<div class=\"wp-block-group is-layout-flow wp-block-group-is-layout-flow\">\n<div class=\"wp-block-group has-global-padding is-layout-constrained wp-block-group-is-layout-constrained\">\n<div class=\"simple-logo-slider-container alignwide size-full\" data-logos-per-view=\"4\"><div class=\"simple-logo-slider-viewport\"><ul class=\"simple-logo-slider-list\"><li class=\"logo-item\"><a href=\"https:\/\/dprp.gov.ro\/web\/\" target=\"_blank\" rel=\"noopener noreferrer\"><img decoding=\"async\" src=\"https:\/\/www.ecoleroumainedeparis.fr\/wp-content\/uploads\/2025\/10\/logoDPRPv141-1-300x75.png\" alt=\"Departamentul pentru Rom\u00e2nii de Pretutindeni\"\/><p class=\"logo-name\">Departamentul pentru Rom\u00e2nii de Pretutindeni<\/p><\/a><\/li><li class=\"logo-item\"><a href=\"https:\/\/paris.mae.ro\/index.php?lang=fr\" target=\"_blank\" rel=\"noopener noreferrer\"><img decoding=\"async\" src=\"https:\/\/www.ecoleroumainedeparis.fr\/wp-content\/uploads\/2025\/10\/logo_ambasada_romaniei_in_franta-300x300.png\" alt=\"Ambassade Roumaine de Paris\"\/><p class=\"logo-name\">AMBASADA ROM\u00c2NIEI\n\u00een Republica Francez\u0103<\/p><\/a><\/li><li class=\"logo-item\"><a href=\"https:\/\/www.icr.ro\/paris\/\" target=\"_blank\" rel=\"noopener noreferrer\"><img decoding=\"async\" src=\"https:\/\/www.ecoleroumainedeparis.fr\/wp-content\/uploads\/2025\/10\/log_icr.jpg\" alt=\"Institut Culturel Roumain de Paris\"\/><p class=\"logo-name\">Institutul Cultural Rom\u00e2n de la Paris<\/p><\/a><\/li><li class=\"logo-item\"><a href=\"https:\/\/cgparis.mae.ro\/\" target=\"_blank\" rel=\"noopener noreferrer\"><img decoding=\"async\" src=\"https:\/\/www.ecoleroumainedeparis.fr\/wp-content\/uploads\/2025\/10\/logo_consulat-300x300.jpg\" alt=\"Consulat G\u00e9n\u00e9ral de Roumanie \u00e0 Paris\"\/><p class=\"logo-name\">Consulatul General al Rom\u00e2niei\nla Paris<\/p><\/a><\/li><li class=\"logo-item\"><a href=\"https:\/\/bibliotecaprichindeilor.com\/\" target=\"_blank\" rel=\"noopener noreferrer\"><img decoding=\"async\" src=\"https:\/\/www.ecoleroumainedeparis.fr\/wp-content\/uploads\/2025\/10\/logo_.biblioteca-prichindeilor_patrat-transparent_mare_500px.webp\" alt=\"Asocia\u021bia Biblioteca Prichindeilor \"\/><p class=\"logo-name\">Asocia\u021bia Biblioteca Prichindeilor <\/p><\/a><\/li><\/ul><\/div><div class=\"slider-nav\"><button class=\"nav-prev\" aria-label=\"Previous Logo\">\u2039<\/button><button class=\"nav-next\" aria-label=\"Next Logo\">\u203a<\/button><\/div><\/div>\n<\/div>\n<\/div>","protected":false},"excerpt":{"rendered":"<p>\u00ab\u00a0Avec des racines roumaines, nous portons notre langue vers des horizons sans fronti\u00e8res !\u00a0\u00bb Nouveaut\u00e9s<\/p>","protected":false},"author":1,"featured_media":0,"parent":0,"menu_order":0,"comment_status":"closed","ping_status":"closed","template":"page-no-title","meta":{"footnotes":""},"class_list":["post-361","page","type-page","status-publish","hentry"],"_links":{"self":[{"href":"https:\/\/www.ecoleroumainedeparis.fr\/ro\/wp-json\/wp\/v2\/pages\/361","targetHints":{"allow":["GET"]}}],"collection":[{"href":"https:\/\/www.ecoleroumainedeparis.fr\/ro\/wp-json\/wp\/v2\/pages"}],"about":[{"href":"https:\/\/www.ecoleroumainedeparis.fr\/ro\/wp-json\/wp\/v2\/types\/page"}],"author":[{"embeddable":true,"href":"https:\/\/www.ecoleroumainedeparis.fr\/ro\/wp-json\/wp\/v2\/users\/1"}],"replies":[{"embeddable":true,"href":"https:\/\/www.ecoleroumainedeparis.fr\/ro\/wp-json\/wp\/v2\/comments?post=361"}],"version-history":[{"count":108,"href":"https:\/\/www.ecoleroumainedeparis.fr\/ro\/wp-json\/wp\/v2\/pages\/361\/revisions"}],"predecessor-version":[{"id":2104,"href":"https:\/\/www.ecoleroumainedeparis.fr\/ro\/wp-json\/wp\/v2\/pages\/361\/revisions\/2104"}],"wp:attachment":[{"href":"https:\/\/www.ecoleroumainedeparis.fr\/ro\/wp-json\/wp\/v2\/media?parent=361"}],"curies":[{"name":"wp","href":"https:\/\/api.w.org\/{rel}","templated":true}]}}