{"id":3,"date":"2025-09-24T14:23:44","date_gmt":"2025-09-24T14:23:44","guid":{"rendered":"https:\/\/www.ecoleroumainedeparis.fr\/?page_id=3"},"modified":"2025-11-18T17:52:32","modified_gmt":"2025-11-18T16:52:32","slug":"privacy-policy","status":"publish","type":"page","link":"https:\/\/www.ecoleroumainedeparis.fr\/ro\/privacy-policy\/","title":{"rendered":"Politica de confiden\u021bialitate"},"content":{"rendered":"<h2 class=\"wp-block-heading\">Cine Suntem<\/h2>\n\n\n\n<p>Adresa site-ului nostru web este: <a href=\"https:\/\/www.ecoleroumainedeparis.fr\/ro\/\">https:\/\/ecoleroumainedeparis.fr\/<\/a>.<\/p>\n\n\n\n<h2 class=\"wp-block-heading\">Ce date personale colect\u0103m \u0219i de ce le colect\u0103m<\/h2>\n\n\n\n<h3 class=\"wp-block-heading\">Comentarii<\/h3>\n\n\n\n<p class=\"has-text-align-justify has-text-align-justify\">Atunci c\u00e2nd vizitatorii las\u0103 comentarii pe site, colect\u0103m datele afi\u0219ate \u00een formularul de comentarii, precum \u0219i adresa IP a vizitatorului \u0219i \u0219irul agentului utilizator al browserului. Aceste date sunt colectate pentru a facilita detectarea \u0219i filtrarea mesajelor spam.<\/p>\n\n\n\n<p class=\"has-text-align-justify has-text-align-justify\">Un \u0219ir anonimizat (numit \u0219i hash), creat din adresa dumneavoastr\u0103 de email, poate fi furnizat serviciului Gravatar pentru a verifica dac\u0103 \u00eel utiliza\u021bi. Politica de confiden\u021bialitate a serviciului Gravatar este disponibil\u0103 aici: https:\/\/automattic.com\/privacy\/. Dup\u0103 aprobarea comentariului, fotografia dumneavoastr\u0103 de profil devine vizibil\u0103 public \u00een contextul comentariului.<\/p>\n\n\n\n<h3 class=\"wp-block-heading\">Media (Fi\u0219iere \u00cenc\u0103rcate)<\/h3>\n\n\n\n<p class=\"has-text-align-justify has-text-align-justify\">Dac\u0103 \u00eenc\u0103rca\u021bi imagini pe site (de exemplu, dac\u0103 ave\u021bi permisiunea de a posta con\u021binut), ar trebui s\u0103 evita\u021bi \u00eenc\u0103rcarea imaginilor care con\u021bin date de loca\u021bie integrate (EXIF GPS). Vizitatorii site-ului pot desc\u0103rca \u0219i extrage orice date de localizare din imaginile publicate pe site.<\/p>\n\n\n\n<h3 class=\"wp-block-heading\">Cookies<\/h3>\n\n\n\n<p class=\"has-text-align-justify has-text-align-justify\">Dac\u0103 l\u0103sa\u021bi un comentariu, pute\u021bi opta pentru salvarea numelui, adresei de email \u0219i a site-ului web \u00een cookie-uri. Acestea sunt pentru confortul dumneavoastr\u0103, astfel \u00eenc\u00e2t s\u0103 nu trebuiasc\u0103 s\u0103 completa\u021bi din nou detaliile c\u00e2nd l\u0103sa\u021bi un alt comentariu. Aceste cookie-uri vor dura un an.<\/p>\n\n\n\n<p class=\"has-text-align-justify has-text-align-justify\">Dac\u0103 vizita\u021bi pagina noastr\u0103 de autentificare (login), vom seta un cookie temporar pentru a determina dac\u0103 browserul dumneavoastr\u0103 accept\u0103 cookie-uri. Acest cookie nu con\u021bine date personale \u0219i este \u0219ters la \u00eenchiderea browserului.<\/p>\n\n\n\n<p class=\"has-text-align-justify has-text-align-justify\">C\u00e2nd v\u0103 autentifica\u021bi, vom seta mai multe cookie-uri pentru a salva informa\u021biile dumneavoastr\u0103 de autentificare \u0219i op\u021biunile de afi\u0219are pe ecran. Cookie-urile de autentificare dureaz\u0103 dou\u0103 zile, iar cookie-urile pentru op\u021biunile de ecran dureaz\u0103 un an. Dac\u0103 selecta\u021bi \"\u021aine-m\u0103 minte\", autentificarea va persista timp de dou\u0103 s\u0103pt\u0103m\u00e2ni. La deconectarea din cont, cookie-urile de autentificare vor fi \u0219terse.<\/p>\n\n\n\n<p class=\"has-text-align-justify has-text-align-justify\">Dac\u0103 edita\u021bi sau publica\u021bi un articol (doar pentru utilizatorii autoriza\u021bi), un cookie suplimentar va fi salvat \u00een browser. Acesta nu con\u021bine date personale \u0219i indic\u0103 doar ID-ul articolului editat. El expir\u0103 dup\u0103 o zi.<\/p>\n\n\n\n<h3 class=\"wp-block-heading\">Con\u021binut \u00eencorporat de pe alte site-uri web<\/h3>\n\n\n\n<p class=\"has-text-align-justify has-text-align-justify\">Articolele de pe acest site pot include con\u021binut \u00eencorporat (de exemplu, clipuri video, imagini, articole etc.) de pe alte site-uri. Con\u021binutul \u00eencorporat de pe site-uri externe se comport\u0103 exact la fel ca \u0219i cum vizitatorul ar fi vizitat cel\u0103lalt site web.<\/p>\n\n\n\n<p class=\"has-text-align-justify has-text-align-justify\">Aceste site-uri web ter\u021be pot colecta date despre dumneavoastr\u0103, pot utiliza cookie-uri, pot \u00eencorpora urm\u0103rire suplimentar\u0103 de la ter\u021bi \u0219i v\u0103 pot monitoriza interac\u021biunea cu acel con\u021binut \u00eencorporat, inclusiv urm\u0103rirea interac\u021biunii dumneavoastr\u0103 dac\u0103 ave\u021bi un cont \u0219i sunte\u021bi autentificat pe acel site.<\/p>\n\n\n\n<h2 class=\"wp-block-heading\">Cu cine partaj\u0103m datele dumneavoastr\u0103<\/h2>\n\n\n\n<p class=\"has-text-align-justify has-text-align-justify\">Dac\u0103 solicita\u021bi o resetare de parol\u0103, adresa dumneavoastr\u0103 IP va fi inclus\u0103 \u00een emailul de resetare.<\/p>\n\n\n\n<h2 class=\"wp-block-heading\">C\u00e2t timp p\u0103str\u0103m datele dumneavoastr\u0103<\/h2>\n\n\n\n<p class=\"has-text-align-justify has-text-align-justify\">Dac\u0103 l\u0103sa\u021bi un comentariu, acesta \u0219i metadatele sale sunt re\u021binute pe termen nelimitat. Acest lucru ne ajut\u0103 s\u0103 recunoa\u0219tem \u0219i s\u0103 aprob\u0103m automat orice comentariu ulterior, \u00een loc s\u0103 le men\u021binem \u00eentr-o coad\u0103 de moderare.<\/p>\n\n\n\n<p class=\"has-text-align-justify has-text-align-justify\">Pentru utilizatorii care se \u00eenregistreaz\u0103 pe site-ul nostru (dac\u0103 exist\u0103 op\u021biunea), stoc\u0103m \u0219i informa\u021biile personale pe care le furnizeaz\u0103 \u00een profilul lor de utilizator. To\u021bi utilizatorii \u00ee\u0219i pot vedea, edita sau \u0219terge informa\u021biile personale \u00een orice moment (cu excep\u021bia faptului c\u0103 nu \u00ee\u0219i pot schimba numele de utilizator). Administratorii site-ului pot, de asemenea, vedea \u0219i edita aceste informa\u021bii.<\/p>\n\n\n\n<h2 class=\"wp-block-heading\">Ce drepturi ave\u021bi asupra datelor dumneavoastr\u0103<\/h2>\n\n\n\n<p class=\"has-text-align-justify has-text-align-justify\">Dac\u0103 ave\u021bi un cont pe acest site sau a\u021bi l\u0103sat comentarii, ave\u021bi dreptul de a solicita s\u0103 primi\u021bi un fi\u0219ier exportat cu datele personale pe care le de\u021binem despre dumneavoastr\u0103, inclusiv toate datele pe care ni le-a\u021bi furnizat. De asemenea, pute\u021bi solicita s\u0103 \u0219tergem toate datele personale pe care le de\u021binem. Aceast\u0103 \u0219tergere nu include datele pe care suntem obliga\u021bi s\u0103 le p\u0103str\u0103m \u00een scopuri administrative, legale sau de securitate.<\/p>\n\n\n\n<h2 class=\"wp-block-heading\">Unde sunt trimise datele dumneavoastr\u0103<\/h2>\n\n\n\n<p class=\"has-text-align-justify has-text-align-justify\">Comentariile vizitatorilor sunt verificate de un serviciu automatizat de detec\u021bie a spam-ului.<\/p>","protected":false},"excerpt":{"rendered":"<p>Qui sommes-nous L&rsquo;adresse de notre site web est : https:\/\/ecoleroumainedeparis.fr\/. Donn\u00e9es personnelles que nous collectons et raisons de leur collecte Commentaires Quand les visiteurs laissent des commentaires sur le site, nous collectons les donn\u00e9es affich\u00e9es dans le formulaire de commentaires, ainsi que l&rsquo;adresse IP du visiteur et la cha\u00eene de l&rsquo;agent utilisateur du navigateur pour [&hellip;]<\/p>\n","protected":false},"author":1,"featured_media":0,"parent":0,"menu_order":0,"comment_status":"closed","ping_status":"open","template":"","meta":{"footnotes":""},"class_list":["post-3","page","type-page","status-publish","hentry"],"_links":{"self":[{"href":"https:\/\/www.ecoleroumainedeparis.fr\/ro\/wp-json\/wp\/v2\/pages\/3","targetHints":{"allow":["GET"]}}],"collection":[{"href":"https:\/\/www.ecoleroumainedeparis.fr\/ro\/wp-json\/wp\/v2\/pages"}],"about":[{"href":"https:\/\/www.ecoleroumainedeparis.fr\/ro\/wp-json\/wp\/v2\/types\/page"}],"author":[{"embeddable":true,"href":"https:\/\/www.ecoleroumainedeparis.fr\/ro\/wp-json\/wp\/v2\/users\/1"}],"replies":[{"embeddable":true,"href":"https:\/\/www.ecoleroumainedeparis.fr\/ro\/wp-json\/wp\/v2\/comments?post=3"}],"version-history":[{"count":4,"href":"https:\/\/www.ecoleroumainedeparis.fr\/ro\/wp-json\/wp\/v2\/pages\/3\/revisions"}],"predecessor-version":[{"id":1171,"href":"https:\/\/www.ecoleroumainedeparis.fr\/ro\/wp-json\/wp\/v2\/pages\/3\/revisions\/1171"}],"wp:attachment":[{"href":"https:\/\/www.ecoleroumainedeparis.fr\/ro\/wp-json\/wp\/v2\/media?parent=3"}],"curies":[{"name":"wp","href":"https:\/\/api.w.org\/{rel}","templated":true}]}}