{"id":256,"date":"2025-10-06T10:18:34","date_gmt":"2025-10-06T09:18:34","guid":{"rendered":"https:\/\/www.ecoleroumainedeparis.fr\/?page_id=256"},"modified":"2025-10-08T21:00:39","modified_gmt":"2025-10-08T20:00:39","slug":"partenaires","status":"publish","type":"page","link":"https:\/\/www.ecoleroumainedeparis.fr\/ro\/partenaires\/","title":{"rendered":"Parteneri"},"content":{"rendered":"<div class=\"wp-block-group is-vertical is-layout-flex wp-container-core-group-is-layout-fe9cc265 wp-block-group-is-layout-flex\">\n<div class=\"wp-block-media-text is-stacked-on-mobile\"><figure class=\"wp-block-media-text__media\"><img loading=\"lazy\" decoding=\"async\" width=\"824\" height=\"207\" src=\"https:\/\/www.ecoleroumainedeparis.fr\/wp-content\/uploads\/2025\/10\/logoDPRPv141-1.png\" alt=\"\" class=\"wp-image-410 size-full\" srcset=\"https:\/\/www.ecoleroumainedeparis.fr\/wp-content\/uploads\/2025\/10\/logoDPRPv141-1.png 824w, https:\/\/www.ecoleroumainedeparis.fr\/wp-content\/uploads\/2025\/10\/logoDPRPv141-1-300x75.png 300w, https:\/\/www.ecoleroumainedeparis.fr\/wp-content\/uploads\/2025\/10\/logoDPRPv141-1-768x193.png 768w, https:\/\/www.ecoleroumainedeparis.fr\/wp-content\/uploads\/2025\/10\/logoDPRPv141-1-18x5.png 18w\" sizes=\"auto, (max-width: 824px) 100vw, 824px\" \/><\/figure><div class=\"wp-block-media-text__content\">\n<p class=\"has-medium-font-size\"><strong>Autoritate finan\u021batoare<\/strong><\/p>\n\n\n\n<p>Proiect finan\u021bat de <strong><a href=\"https:\/\/dprp.gov.ro\/web\/\">Departamentul pentru Rom\u00e2nii de Pretutindeni<\/a><\/strong> \u2013 <a href=\"https:\/\/dprp.gov.ro\/web\/\">https:\/\/dprp.gov.ro\/web\/<\/a><\/p>\n\n\n\n<p>Con\u0163inutul acestui site nu reprezint\u0103 pozi\u0163ia oficial\u0103 a Departamentului pentru Rom\u00e2nii de Pretutindeni.<\/p>\n<\/div><\/div>\n\n\n\n<div class=\"wp-block-media-text has-media-on-the-right is-stacked-on-mobile\"><div class=\"wp-block-media-text__content\">\n<p><strong><a href=\"https:\/\/paris.mae.ro\/index.php?lang=fr\" data-type=\"link\" data-id=\"https:\/\/paris.mae.ro\/index.php?lang=fr\">AMBASADA ROM\u00c2NIEI\n\u00een Republica Francez\u0103<\/a><\/strong><\/p>\n\n\n\n<p>AMBASADA ROM\u00c2NIEI\n\u00een Republica Francez\u0103<\/p>\n<\/div><figure class=\"wp-block-media-text__media\"><img loading=\"lazy\" decoding=\"async\" width=\"486\" height=\"486\" src=\"https:\/\/www.ecoleroumainedeparis.fr\/wp-content\/uploads\/2025\/10\/logo_ambasada_romaniei_in_franta.png\" alt=\"\" class=\"wp-image-409 size-full\" srcset=\"https:\/\/www.ecoleroumainedeparis.fr\/wp-content\/uploads\/2025\/10\/logo_ambasada_romaniei_in_franta.png 486w, https:\/\/www.ecoleroumainedeparis.fr\/wp-content\/uploads\/2025\/10\/logo_ambasada_romaniei_in_franta-300x300.png 300w, https:\/\/www.ecoleroumainedeparis.fr\/wp-content\/uploads\/2025\/10\/logo_ambasada_romaniei_in_franta-150x150.png 150w, https:\/\/www.ecoleroumainedeparis.fr\/wp-content\/uploads\/2025\/10\/logo_ambasada_romaniei_in_franta-12x12.png 12w\" sizes=\"auto, (max-width: 486px) 100vw, 486px\" \/><\/figure><\/div>\n\n\n\n<div class=\"wp-block-media-text is-stacked-on-mobile\"><figure class=\"wp-block-media-text__media\"><img loading=\"lazy\" decoding=\"async\" width=\"185\" height=\"76\" src=\"https:\/\/www.ecoleroumainedeparis.fr\/wp-content\/uploads\/2025\/10\/log_icr.jpg\" alt=\"\" class=\"wp-image-413 size-full\" srcset=\"https:\/\/www.ecoleroumainedeparis.fr\/wp-content\/uploads\/2025\/10\/log_icr.jpg 185w, https:\/\/www.ecoleroumainedeparis.fr\/wp-content\/uploads\/2025\/10\/log_icr-18x7.jpg 18w\" sizes=\"auto, (max-width: 185px) 100vw, 185px\" \/><\/figure><div class=\"wp-block-media-text__content\">\n<p><strong><strong><a href=\"https:\/\/www.icr.ro\/paris\/\">Institutul Cultural Rom\u00e2n de la Paris<\/a><\/strong><\/strong><\/p>\n\n\n\n<p>Institutul Cultural Rom\u00e2n de la Paris                                                                                <\/p>\n\n\n\n<p><\/p>\n<\/div><\/div>\n\n\n\n<div class=\"wp-block-media-text has-media-on-the-right is-stacked-on-mobile\"><div class=\"wp-block-media-text__content\">\n<p><strong><a href=\"https:\/\/bibliotecaprichindeilor.com\/\">Asocia\u021bia Biblioteca Prichindeilor<\/a><\/strong><\/p>\n\n\n\n<p>Asocia\u021bia Biblioteca Prichindeilor                               <\/p>\n<\/div><figure class=\"wp-block-media-text__media\"><img loading=\"lazy\" decoding=\"async\" width=\"300\" height=\"218\" src=\"https:\/\/www.ecoleroumainedeparis.fr\/wp-content\/uploads\/2025\/10\/logo_.biblioteca-prichindeilor_patrat-transparent_mare_500px.webp\" alt=\"\" class=\"wp-image-518 size-full\" srcset=\"https:\/\/www.ecoleroumainedeparis.fr\/wp-content\/uploads\/2025\/10\/logo_.biblioteca-prichindeilor_patrat-transparent_mare_500px.webp 300w, https:\/\/www.ecoleroumainedeparis.fr\/wp-content\/uploads\/2025\/10\/logo_.biblioteca-prichindeilor_patrat-transparent_mare_500px-18x12.webp 18w\" sizes=\"auto, (max-width: 300px) 100vw, 300px\" \/><\/figure><\/div>\n<\/div>\n\n\n\n<p><\/p>","protected":false},"excerpt":{"rendered":"<p>Autorit\u00e9 de financement Projet financ\u00e9 par le Departamentul pentru Rom\u00e2nii de Pretutindeni \u2013 https:\/\/dprp.gov.ro\/web\/ Le contenu de ce site ne repr\u00e9sente pas la position officielle du Departamentului pentru Rom\u00e2nii de Pretutindeni. Ambassade Roumaine de Paris Ambassade Roumaine de Paris Institut Culturel Roumain de Paris Institut Culturel Roumain de Paris Asocia\u021bia Biblioteca Prichindeilor Asocia\u021bia Biblioteca Prichindeilor<\/p>","protected":false},"author":1,"featured_media":0,"parent":0,"menu_order":0,"comment_status":"closed","ping_status":"closed","template":"","meta":{"footnotes":""},"class_list":["post-256","page","type-page","status-publish","hentry"],"_links":{"self":[{"href":"https:\/\/www.ecoleroumainedeparis.fr\/ro\/wp-json\/wp\/v2\/pages\/256","targetHints":{"allow":["GET"]}}],"collection":[{"href":"https:\/\/www.ecoleroumainedeparis.fr\/ro\/wp-json\/wp\/v2\/pages"}],"about":[{"href":"https:\/\/www.ecoleroumainedeparis.fr\/ro\/wp-json\/wp\/v2\/types\/page"}],"author":[{"embeddable":true,"href":"https:\/\/www.ecoleroumainedeparis.fr\/ro\/wp-json\/wp\/v2\/users\/1"}],"replies":[{"embeddable":true,"href":"https:\/\/www.ecoleroumainedeparis.fr\/ro\/wp-json\/wp\/v2\/comments?post=256"}],"version-history":[{"count":9,"href":"https:\/\/www.ecoleroumainedeparis.fr\/ro\/wp-json\/wp\/v2\/pages\/256\/revisions"}],"predecessor-version":[{"id":535,"href":"https:\/\/www.ecoleroumainedeparis.fr\/ro\/wp-json\/wp\/v2\/pages\/256\/revisions\/535"}],"wp:attachment":[{"href":"https:\/\/www.ecoleroumainedeparis.fr\/ro\/wp-json\/wp\/v2\/media?parent=256"}],"curies":[{"name":"wp","href":"https:\/\/api.w.org\/{rel}","templated":true}]}}