{"id":2480,"date":"2026-04-03T12:30:49","date_gmt":"2026-04-03T11:30:49","guid":{"rendered":"https:\/\/www.ecoleroumainedeparis.fr\/?page_id=2480"},"modified":"2026-04-03T13:55:06","modified_gmt":"2026-04-03T12:55:06","slug":"autorite-de-financement","status":"publish","type":"page","link":"https:\/\/www.ecoleroumainedeparis.fr\/ro\/autorite-de-financement\/","title":{"rendered":"Autoritate finan\u021batoare"},"content":{"rendered":"<p><strong>Departamentul pentru Rom\u00e2nii de Pretutindeni<\/strong><\/p>\n\n\n\n<figure class=\"wp-block-image size-full\"><img loading=\"lazy\" decoding=\"async\" width=\"824\" height=\"207\" src=\"https:\/\/www.ecoleroumainedeparis.fr\/wp-content\/uploads\/2025\/10\/logoDPRPv141-1.png\" alt=\"\" class=\"wp-image-410\" srcset=\"https:\/\/www.ecoleroumainedeparis.fr\/wp-content\/uploads\/2025\/10\/logoDPRPv141-1.png 824w, https:\/\/www.ecoleroumainedeparis.fr\/wp-content\/uploads\/2025\/10\/logoDPRPv141-1-300x75.png 300w, https:\/\/www.ecoleroumainedeparis.fr\/wp-content\/uploads\/2025\/10\/logoDPRPv141-1-768x193.png 768w, https:\/\/www.ecoleroumainedeparis.fr\/wp-content\/uploads\/2025\/10\/logoDPRPv141-1-18x5.png 18w\" sizes=\"auto, (max-width: 824px) 100vw, 824px\" \/><\/figure>\n\n\n\n<p class=\"has-text-align-justify has-text-align-justify\">Proiect finan\u021bat de Departamentul pentru Rom\u00e2nii de Pretutindeni \u2013 <a href=\"http:\/\/dprp.gov.ro\/web\/\">http:\/\/dprp.gov.ro\/web\/<\/a><\/p>\n\n\n\n<p class=\"has-text-align-justify has-text-align-justify\">Con\u0163inutul acestui site nu reprezint\u0103 pozi\u0163ia oficial\u0103 a Departamentului pentru Rom\u00e2nii de Pretutindeni.<\/p>\n\n\n\n<p><\/p>\n\n\n\n<p class=\"has-text-align-justify has-text-align-justify\">In perioada 2012-2025, \u0218coala rom\u00e2n\u0103 din Paris a beneficiat de cofinan\u021bare din partea <strong>Departamentul Politici pentru Rela\u021bia cu Rom\u00e2nii de Pretutindeni (DPRRP)<\/strong>, \u00een cadrul contractelor anuale succesive. Cofinan\u021barea acordat\u0103 de DPRRP, ulterior <strong>DRP (Departamentul pentru rom\u00e2nii de pretutindeni)<\/strong>, a contribuit la men\u021binerea activit\u0103\u021bii asocia\u021biei.<\/p>\n\n\n\n<p class=\"has-text-align-justify has-text-align-justify\">Proiectul <strong>\u015ecoala, spa\u0163iu emblematic de transmitere a limbii \u015fi tradi\u0163iilor rom\u00e2ne\u015fti, factor activ \u00een afirmarea unei identit\u0103\u0163i culturale \u015fi promovarea imaginii pozitive a Rom\u00e2niei \u00een Fran\u0163a<\/strong>, este actualizat an de an \u0219i este supus evalu\u0103rii \u00een cadrul sesiunilor de finan\u021bare deschise de DRP, de asemenea, an de an.<\/p>\n\n\n\n<p class=\"has-text-align-justify has-text-align-justify\">Prin activitatea de colaborare \u00eentre membrii CA, profesorii care predau cursurile de limba rom\u00e2n\u0103 \u00een cadrul asocia\u021biei (\u00een baza contractelor de prest\u0103ri servicii), membrii activi ai asocia\u021biei \u0219i prin coordonarea asigurat\u0103 de coordonatorul de proiect, asocia\u021bia a beneficiat de co-finan\u021bare din partea guvernului Rom\u00e2niei, prin DRP, prin 14 contracte anuale de co-finan\u021bare.<\/p>\n\n\n\n<p class=\"has-text-align-justify has-text-align-justify\">\u00cen 2020, \u0218coala Rom\u00e2n\u0103 din Paris, \u00een cadrul celei de a doua sesiuni de finan\u021bare lansat\u0103 de Guvernul Rom\u00e2niei\/ DRP, a ob\u021binut finan\u021bare pentru proiectul depus, privind achizi\u021bia de echipamente IT. Astfel, vor putea fi achizi\u021bionate:<\/p>\n\n\n\n<ul class=\"wp-block-list\">\n<li>un laptop,<\/li>\n\n\n\n<li>un video-proiector,<\/li>\n\n\n\n<li>dou\u0103 tablete.<\/li>\n<\/ul>\n\n\n\n<p class=\"has-text-align-justify has-text-align-justify\">Acest proiect a fost depus \u00een contextul special al acestui an, marcat de pandemia SARS COV-2, \u0218coala Romana din Paris fiind nevoit\u0103, la r\u00e2ndul s\u0103u, s\u0103 propun\u0103 realizarea cursurilor la distan\u021b\u0103 (\u00een mediul virtual).<\/p>\n\n\n\n<p class=\"has-text-align-justify has-text-align-justify\">Incep\u00e2nd cu anul \u0219colar 2023-2024, cursurile Scolii rom\u00e2ne din Paris, se desf\u0103\u0219oar\u0103 \u00een c\u00e2teva s\u0103li de curs din incinta Liceului italian Leonardo da Vinci, asocia\u021bia pl\u0103tind chiria convenit\u0103, prin contract, cu direc\u021biunea liceului italian.<\/p>\n\n\n\n<p class=\"has-text-align-justify has-text-align-justify\">In acest context, chiria corespunz\u0103toare s\u0103lilor de curs a fost finan\u021bat\u0103 de c\u0103tre DRP \u00een baza contractelor de finan\u021bare \u00eencheiate pentru anii:<\/p>\n\n\n\n<ul class=\"wp-block-list\">\n<li>2023<\/li>\n\n\n\n<li>2024<\/li>\n\n\n\n<li>2025<\/li>\n<\/ul>","protected":false},"excerpt":{"rendered":"<p>Departamentul pentru Rom\u00e2nii de Pretutindeni Projet financ\u00e9 par le Departamentul pentru Rom\u00e2nii de Pretutindeni \u2013 http:\/\/dprp.gov.ro\/web\/ Le contenu de ce site ne repr\u00e9sente pas la position officielle du Departamentului pentru Rom\u00e2nii de Pretutindeni. Durant la p\u00e9riode 2012-2025, l&rsquo;\u00c9cole roumaine de Paris a b\u00e9n\u00e9fici\u00e9 d&rsquo;un cofinancement de la part du Departamentul Politici pentru Rela\u021bia cu Rom\u00e2nii [&hellip;]<\/p>\n","protected":false},"author":1,"featured_media":0,"parent":0,"menu_order":0,"comment_status":"closed","ping_status":"closed","template":"","meta":{"footnotes":""},"class_list":["post-2480","page","type-page","status-publish","hentry"],"_links":{"self":[{"href":"https:\/\/www.ecoleroumainedeparis.fr\/ro\/wp-json\/wp\/v2\/pages\/2480","targetHints":{"allow":["GET"]}}],"collection":[{"href":"https:\/\/www.ecoleroumainedeparis.fr\/ro\/wp-json\/wp\/v2\/pages"}],"about":[{"href":"https:\/\/www.ecoleroumainedeparis.fr\/ro\/wp-json\/wp\/v2\/types\/page"}],"author":[{"embeddable":true,"href":"https:\/\/www.ecoleroumainedeparis.fr\/ro\/wp-json\/wp\/v2\/users\/1"}],"replies":[{"embeddable":true,"href":"https:\/\/www.ecoleroumainedeparis.fr\/ro\/wp-json\/wp\/v2\/comments?post=2480"}],"version-history":[{"count":14,"href":"https:\/\/www.ecoleroumainedeparis.fr\/ro\/wp-json\/wp\/v2\/pages\/2480\/revisions"}],"predecessor-version":[{"id":2500,"href":"https:\/\/www.ecoleroumainedeparis.fr\/ro\/wp-json\/wp\/v2\/pages\/2480\/revisions\/2500"}],"wp:attachment":[{"href":"https:\/\/www.ecoleroumainedeparis.fr\/ro\/wp-json\/wp\/v2\/media?parent=2480"}],"curies":[{"name":"wp","href":"https:\/\/api.w.org\/{rel}","templated":true}]}}