{"id":175,"date":"2025-10-03T21:08:31","date_gmt":"2025-10-03T20:08:31","guid":{"rendered":"https:\/\/www.ecoleroumainedeparis.fr\/?page_id=175"},"modified":"2026-04-08T14:02:16","modified_gmt":"2026-04-08T13:02:16","slug":"nous-contacter","status":"publish","type":"page","link":"https:\/\/www.ecoleroumainedeparis.fr\/ro\/nous-contacter\/","title":{"rendered":"Contact"},"content":{"rendered":"<h3 class=\"wp-block-heading\">Dori\u021bi s\u0103 ne contacta\u021bi?<\/h3>\n\n\n\n<p class=\"has-text-align-justify has-text-align-justify\">Trimite\u021bi-ne un mesaj \u0219i v\u0103 vom r\u0103spunde \u00een cel mai scurt timp.<\/p>\n\n\n\n<p>E-mail :&nbsp;<strong><a><\/a><a href=\"mailto:contact@ecoleroumainedeparis.fr\">contact@ecoleroumainedeparis.fr<\/a><\/strong><\/p>","protected":false},"excerpt":{"rendered":"<p>Vous souhaitez nous contacter ? Envoyez-nous un message et nous allons vous r\u00e9pondre dans les meilleurs d\u00e9lais. E-mail :&nbsp;contact@ecoleroumainedeparis.fr<\/p>","protected":false},"author":1,"featured_media":0,"parent":0,"menu_order":0,"comment_status":"closed","ping_status":"closed","template":"","meta":{"footnotes":""},"class_list":["post-175","page","type-page","status-publish","hentry"],"_links":{"self":[{"href":"https:\/\/www.ecoleroumainedeparis.fr\/ro\/wp-json\/wp\/v2\/pages\/175","targetHints":{"allow":["GET"]}}],"collection":[{"href":"https:\/\/www.ecoleroumainedeparis.fr\/ro\/wp-json\/wp\/v2\/pages"}],"about":[{"href":"https:\/\/www.ecoleroumainedeparis.fr\/ro\/wp-json\/wp\/v2\/types\/page"}],"author":[{"embeddable":true,"href":"https:\/\/www.ecoleroumainedeparis.fr\/ro\/wp-json\/wp\/v2\/users\/1"}],"replies":[{"embeddable":true,"href":"https:\/\/www.ecoleroumainedeparis.fr\/ro\/wp-json\/wp\/v2\/comments?post=175"}],"version-history":[{"count":7,"href":"https:\/\/www.ecoleroumainedeparis.fr\/ro\/wp-json\/wp\/v2\/pages\/175\/revisions"}],"predecessor-version":[{"id":2531,"href":"https:\/\/www.ecoleroumainedeparis.fr\/ro\/wp-json\/wp\/v2\/pages\/175\/revisions\/2531"}],"wp:attachment":[{"href":"https:\/\/www.ecoleroumainedeparis.fr\/ro\/wp-json\/wp\/v2\/media?parent=175"}],"curies":[{"name":"wp","href":"https:\/\/api.w.org\/{rel}","templated":true}]}}