{"id":164,"date":"2025-10-03T20:40:47","date_gmt":"2025-10-03T19:40:47","guid":{"rendered":"https:\/\/www.ecoleroumainedeparis.fr\/?page_id=164"},"modified":"2025-11-18T17:48:28","modified_gmt":"2025-11-18T16:48:28","slug":"lassociation","status":"publish","type":"page","link":"https:\/\/www.ecoleroumainedeparis.fr\/ro\/lassociation\/","title":{"rendered":"Asocia\u021bia"},"content":{"rendered":"<p><strong>Cine suntem?<\/strong><\/p>\n\n\n\n<p class=\"has-text-align-justify has-text-align-justify\"><strong>\u0218coala rom\u00e2n\u0103 din Paris (ERP)<\/strong>&nbsp;ofer\u0103 cursuri de limba \u0219i literatura rom\u00e2n\u0103 copiilor de la gr\u0103dini\u021b\u0103 p\u00e2n\u0103 la liceu. Activitatea a \u00eenceput \u00een 2005 \u0219i are ca misiune \u00eenv\u0103\u021barea \u0219i aprofundarea limbii \u0219i culturii rom\u00e2ne\u0219ti pentru copiii care tr\u0103iesc \u00een Fran\u021ba \u0219i, mai larg, promovarea limbii, culturii \u0219i valorilor spirituale rom\u00e2ne\u0219ti \u00een spa\u021biul francofon.<\/p>\n\n\n\n<p><strong>Ce ne propunem?&nbsp;&nbsp;&nbsp;<\/strong>&nbsp;&nbsp;&nbsp;&nbsp;&nbsp;&nbsp;&nbsp;&nbsp;&nbsp;&nbsp;&nbsp;&nbsp;&nbsp;&nbsp;&nbsp;&nbsp;&nbsp;<\/p>\n\n\n\n<p class=\"has-text-align-justify has-text-align-justify\">Un \u00eenv\u0103\u021b\u0103m\u00e2nt structurat pentru elevii de la 3 la 18 ani, incluz\u00e2nd cursuri intensive de preg\u0103tire pentru BAC-ul francez (limba rom\u00e2n\u0103 ca limb\u0103 op\u021bional\u0103 C) \u00een fiecare s\u0103pt\u0103m\u00e2n\u0103 a anului \u0219colar. Cursurile sunt predate de profesori califica\u021bi, vorbitori nativi de limba rom\u00e2n\u0103, \u00een conformitate cu programele oficiale rom\u00e2ne\u0219ti. Manualele folosite provin de la edituri aprobate de Ministerul Educa\u021biei \u0219i Cercet\u0103rii din Rom\u00e2nia.<\/p>\n\n\n\n<p><strong><em>Metoda<\/em><\/strong><\/p>\n\n\n\n<p class=\"has-text-align-justify has-text-align-justify\">\u00cendruma\u021bi de profesori vorbitori nativi de limba rom\u00e2n\u0103, elevul descoper\u0103 \u00een mod natural sunetele limbii \u0219i se familiarizeaz\u0103 cu acestea prin sesiuni tematice ritmice, perfect adaptate v\u00e2rstei sale.<\/p>\n\n\n\n<p class=\"has-text-align-justify has-text-align-justify\">Elevii sunt ini\u021bia\u021bi \u00een limba rom\u00e2n\u0103 prin diferite metode pedagogice. Pentru elevii de la gr\u0103dini\u021b\u0103 sunt folosite materiale ludice, jocuri, desene, c\u00e2ntece \u0219i dansuri tradi\u021bionale, spectacole teatrale. \u00cenv\u0103\u021barea devine u\u0219oar\u0103 \u0219i durabil\u0103.<\/p>\n\n\n\n<p class=\"has-text-align-justify has-text-align-justify\">Pentru elevii de la ciclul primar, \u00eenv\u0103\u021barea scrisului \u0219i cititului se realizeaz\u0103 conform unui program \u0219colar \u0219i cu ajutorul unor materiale didactice variate: abecedare, manuale rom\u00e2ne\u0219ti, c\u0103r\u021bi de istorie, de geografie, dar \u0219i, \u00een cadrul atelierelor tematice, c\u00e2ntece \u0219i dansuri tradi\u021bionale rom\u00e2ne\u0219ti \u0219i spectacole teatrale.<\/p>\n\n\n\n<p class=\"has-text-align-justify has-text-align-justify\">Pentru elevii de gimnaziu \u0219i liceu, predarea continu\u0103 pun\u00e2nd accent pe \u00een\u021belegerea \u0219i exprimarea oral\u0103 \u0219i scris\u0103, gramatic\u0103, sinteza documentelor, studiul literaturii rom\u00e2ne, precum \u0219i elemente de istorie, geografie \u0219i cultur\u0103 rom\u00e2neasc\u0103. Elevii de clasa a XI-a \u0219i a XII-a (premiere \u0219i terminale) primesc cursuri mai aprofundate pentru a putea prezenta limba rom\u00e2n\u0103 ca limb\u0103 op\u021bional\u0103 C la Bacalaureatul francez.<\/p>\n\n\n\n<p><strong><em>Obiectivele<\/em><\/strong><\/p>\n\n\n\n<ul class=\"wp-block-list\">\n<li class=\"has-text-align-justify\">Promovarea limbii \u0219i culturii pentru a oferi elevilor franco-rom\u00e2ni \u0219i de origine rom\u00e2n\u0103 sentimentul de apartenen\u021b\u0103 la o comunitate, sensibiliz\u00e2ndu-i fa\u021b\u0103 de cultura \u0219i tradi\u021biile rom\u00e2ne\u0219ti.<\/li>\n\n\n\n<li>Dob\u00e2ndirea de automatisme \u0219i a structurilor de baz\u0103 \u0219i mai complexe ale limbii rom\u00e2ne.<\/li>\n\n\n\n<li class=\"has-text-align-justify\">Pentru cei mai mici, dob\u00e2ndirea vocabularului vie\u021bii cotidiene: culorile, animalele, casa, familia, hainele etc... pentru a-i ajuta s\u0103 se exprime \u00een limba rom\u00e2n\u0103 \u00een via\u021ba de zi cu zi, s\u0103 \u00eenve\u021be s\u0103 utilizeze vocabularul, s\u0103 construiasc\u0103 enun\u021buri, s\u0103 descopere \u0219i s\u0103 dob\u00e2ndeasc\u0103 expresii curente \u0219i moderne.<\/li>\n\n\n\n<li>\u00cenv\u0103\u021barea de c\u00e2ntece, poezii \u0219i dansuri tradi\u021bionale rom\u00e2ne\u0219ti.<\/li>\n\n\n\n<li class=\"has-text-align-justify\">Pentru cei mai mari, a-i \u00eenv\u0103\u021ba s\u0103 citeasc\u0103, s\u0103 scrie, s\u0103 fie capabili s\u0103 se exprime cu u\u0219urin\u021b\u0103 oral \u0219i \u00een scris, s\u0103 redacteze eseuri, s\u0103 studieze literatura rom\u00e2n\u0103 clasic\u0103 \u0219i modern\u0103, teatrul rom\u00e2nesc, s\u0103 descopere de asemenea istoria \u0219i geografia Rom\u00e2niei.<\/li>\n<\/ul>\n\n\n\n<div class=\"wp-block-file\" style=\"margin-right:0;margin-left:0;padding-right:0;padding-left:0\"><a id=\"wp-block-file--media-0cc2c9a1-b0e9-4952-8e1f-2a35d3a43832\" href=\"https:\/\/www.ecoleroumainedeparis.fr\/wp-content\/uploads\/2025\/10\/statuts_erp_2012.pdf\" target=\"_blank\" rel=\"noreferrer noopener\">Statutul asociatiei<\/a><a href=\"https:\/\/www.ecoleroumainedeparis.fr\/wp-content\/uploads\/2025\/10\/statuts_erp_2012.pdf\" class=\"wp-block-file__button wp-element-button\" download aria-describedby=\"wp-block-file--media-0cc2c9a1-b0e9-4952-8e1f-2a35d3a43832\">Descarc\u0103<\/a><\/div>\n\n\n\n<div class=\"wp-block-file\"><a id=\"wp-block-file--media-7844fad0-62b2-4f7a-bcbe-68eb1cfe1a65\" href=\"https:\/\/www.ecoleroumainedeparis.fr\/wp-content\/uploads\/2025\/10\/reglement_interieur_erp_mars_2018.pdf\" target=\"_blank\" rel=\"noreferrer noopener\">Regulament interior      <\/a><a href=\"https:\/\/www.ecoleroumainedeparis.fr\/wp-content\/uploads\/2025\/10\/reglement_interieur_erp_mars_2018.pdf\" class=\"wp-block-file__button wp-element-button\" download aria-describedby=\"wp-block-file--media-7844fad0-62b2-4f7a-bcbe-68eb1cfe1a65\">Descarc\u0103<\/a><\/div>\n\n\n\n<p><\/p>","protected":false},"excerpt":{"rendered":"<p>Qui sommes-nous? L&rsquo;\u00e9cole roumaine de Paris ( ERP)&nbsp;propose de cours de langue et litt\u00e9rature roumaine aux enfants de la maternelle \u00e0 la terminale. L&rsquo;activit\u00e9 a d\u00e9but\u00e9 en 2005, et \u00e0 pour mission l&rsquo;apprentissage et l&rsquo;approfondissement de la langue et de la culture roumaine aux enfants vivant en France et plus largement,&nbsp; de promouvoir la langue, [&hellip;]<\/p>\n","protected":false},"author":1,"featured_media":0,"parent":0,"menu_order":0,"comment_status":"closed","ping_status":"closed","template":"","meta":{"footnotes":""},"class_list":["post-164","page","type-page","status-publish","hentry"],"_links":{"self":[{"href":"https:\/\/www.ecoleroumainedeparis.fr\/ro\/wp-json\/wp\/v2\/pages\/164","targetHints":{"allow":["GET"]}}],"collection":[{"href":"https:\/\/www.ecoleroumainedeparis.fr\/ro\/wp-json\/wp\/v2\/pages"}],"about":[{"href":"https:\/\/www.ecoleroumainedeparis.fr\/ro\/wp-json\/wp\/v2\/types\/page"}],"author":[{"embeddable":true,"href":"https:\/\/www.ecoleroumainedeparis.fr\/ro\/wp-json\/wp\/v2\/users\/1"}],"replies":[{"embeddable":true,"href":"https:\/\/www.ecoleroumainedeparis.fr\/ro\/wp-json\/wp\/v2\/comments?post=164"}],"version-history":[{"count":6,"href":"https:\/\/www.ecoleroumainedeparis.fr\/ro\/wp-json\/wp\/v2\/pages\/164\/revisions"}],"predecessor-version":[{"id":1169,"href":"https:\/\/www.ecoleroumainedeparis.fr\/ro\/wp-json\/wp\/v2\/pages\/164\/revisions\/1169"}],"wp:attachment":[{"href":"https:\/\/www.ecoleroumainedeparis.fr\/ro\/wp-json\/wp\/v2\/media?parent=164"}],"curies":[{"name":"wp","href":"https:\/\/api.w.org\/{rel}","templated":true}]}}