{"id":10,"date":"2025-09-25T12:55:19","date_gmt":"2025-09-25T12:55:19","guid":{"rendered":"https:\/\/www.ecoleroumainedeparis.fr\/?page_id=10"},"modified":"2026-04-08T17:00:07","modified_gmt":"2026-04-08T16:00:07","slug":"team","status":"publish","type":"page","link":"https:\/\/www.ecoleroumainedeparis.fr\/ro\/team\/","title":{"rendered":"Echipa"},"content":{"rendered":"<h4 class=\"wp-block-heading\"><strong>Consiliul de administra\u021bie<\/strong><\/h4>\n\n\n\n<p>Pre\u0219edinte : <strong>Doamna<\/strong> <strong>Monica BEURAN<\/strong><\/p>\n\n\n\n<p>Secretar: <strong>Doamna<\/strong> <strong>Olga SOARES<\/strong><\/p>\n\n\n\n<p>Trezorier: <strong>Doamna<\/strong> <strong>Elena MIU<\/strong><\/p>\n\n\n\n<h4 class=\"wp-block-heading\"><strong>Cadre didactice<\/strong><\/h4>\n\n\n\n<p class=\"has-text-align-justify has-text-align-justify\">Pentru realizarea acestor activit\u0103\u021bi, \u0218coala Rom\u00e2n\u0103 din Paris apeleaz\u0103 la prestatori externi, cadre didactice vorbitori nativi de limba rom\u00e2n\u0103, care predau cursuri de limb\u0103, concep \u0219i animeaz\u0103 alte evenimente punctuale \u00een func\u021bie de nevoile \u0219colii.<\/p>\n\n\n\n<p><strong>Doamna<\/strong> <strong>Oana TRONECI<\/strong> <\/p>\n\n\n\n<p><strong>Doamna<\/strong> <strong>Alexandrina G\u0102RDU\u0218<\/strong> <\/p>\n\n\n\n<p><strong>Doamna<\/strong> <strong>Adriana S\u00ceRBU<\/strong> <\/p>\n\n\n\n<p><strong>Doamna<\/strong> <strong>Anca POPA<\/strong> <\/p>\n\n\n\n<p><strong>Doamna<\/strong> <strong>Laura TRIF <\/strong><\/p>\n\n\n\n<p><strong>Doamna<\/strong> <strong>Anda T\u0102NASE<\/strong><\/p>\n\n\n\n<p><strong>Doamna<\/strong> <strong>Elena Odeta TEMELIE<\/strong><\/p>\n\n\n\n<p><\/p>\n\n\n\n<h4 class=\"wp-block-heading\"><strong>Responsabil proiecte finan\u021b\u0103ri<\/strong><\/h4>\n\n\n\n<p><strong>Doamna<\/strong> <strong>Gabriela DIMA<\/strong><\/p>\n\n\n\n<p><\/p>\n\n\n\n<p class=\"has-base-color has-text-color has-link-color wp-elements-abf965643868c755e6194f4bc0d419b7\">Doamna<\/p>\n\n\n\n<p class=\"has-base-color has-text-color has-link-color wp-elements-b264fc3228a03e208f787847052cc21f\">Domnul<\/p>","protected":false},"excerpt":{"rendered":"<p>Conseil d&rsquo;administration Pr\u00e9sidente : Madame Monica BEURAN Secr\u00e9taire : Madame Olga SOARES Tr\u00e9sori\u00e8re : Madame Elena MIU Les enseignantes Pour la r\u00e9alisation de ces activit\u00e9s, l&rsquo;Ecole Roumaine de Paris fait appel \u00e0 des prestataires ext\u00e9rieurs, enseignantes de langue maternelle roumaine, qui donnent des cours de langue, con\u00e7oivent et animent d\u2019autres \u00e9v\u00e9nements ponctuels selon les besoins [&hellip;]<\/p>\n","protected":false},"author":1,"featured_media":0,"parent":0,"menu_order":0,"comment_status":"closed","ping_status":"closed","template":"","meta":{"footnotes":""},"class_list":["post-10","page","type-page","status-publish","hentry"],"_links":{"self":[{"href":"https:\/\/www.ecoleroumainedeparis.fr\/ro\/wp-json\/wp\/v2\/pages\/10","targetHints":{"allow":["GET"]}}],"collection":[{"href":"https:\/\/www.ecoleroumainedeparis.fr\/ro\/wp-json\/wp\/v2\/pages"}],"about":[{"href":"https:\/\/www.ecoleroumainedeparis.fr\/ro\/wp-json\/wp\/v2\/types\/page"}],"author":[{"embeddable":true,"href":"https:\/\/www.ecoleroumainedeparis.fr\/ro\/wp-json\/wp\/v2\/users\/1"}],"replies":[{"embeddable":true,"href":"https:\/\/www.ecoleroumainedeparis.fr\/ro\/wp-json\/wp\/v2\/comments?post=10"}],"version-history":[{"count":25,"href":"https:\/\/www.ecoleroumainedeparis.fr\/ro\/wp-json\/wp\/v2\/pages\/10\/revisions"}],"predecessor-version":[{"id":2538,"href":"https:\/\/www.ecoleroumainedeparis.fr\/ro\/wp-json\/wp\/v2\/pages\/10\/revisions\/2538"}],"wp:attachment":[{"href":"https:\/\/www.ecoleroumainedeparis.fr\/ro\/wp-json\/wp\/v2\/media?parent=10"}],"curies":[{"name":"wp","href":"https:\/\/api.w.org\/{rel}","templated":true}]}}